{"id":86,"date":"2025-08-13T20:53:58","date_gmt":"2025-08-13T18:53:58","guid":{"rendered":"https:\/\/wapienna7a.pl\/?page_id=86"},"modified":"2025-08-13T21:12:50","modified_gmt":"2025-08-13T19:12:50","slug":"uslugi-dodatkowe","status":"publish","type":"page","link":"https:\/\/wapienna7a.pl\/index.php\/uslugi-dodatkowe\/","title":{"rendered":"Us\u0142ugi dodatkowe"},"content":{"rendered":"\n<div class=\"wp-block-media-text is-stacked-on-mobile\"><figure class=\"wp-block-media-text__media\"><img loading=\"lazy\" decoding=\"async\" width=\"640\" height=\"427\" src=\"https:\/\/wapienna7a.pl\/wp-content\/uploads\/2025\/08\/beans-1834984_640.jpg\" alt=\"\" class=\"wp-image-94 size-full\" srcset=\"https:\/\/wapienna7a.pl\/wp-content\/uploads\/2025\/08\/beans-1834984_640.jpg 640w, https:\/\/wapienna7a.pl\/wp-content\/uploads\/2025\/08\/beans-1834984_640-300x200.jpg 300w, https:\/\/wapienna7a.pl\/wp-content\/uploads\/2025\/08\/beans-1834984_640-360x240.jpg 360w\" sizes=\"auto, (max-width: 640px) 100vw, 640px\" \/><\/figure><div class=\"wp-block-media-text__content\">\n<p>\u015aniadanie &#8211; serwowane jest od godziny 8:30, lub o innej wcze\u015bniej um\u00f3wionej porze<br>w postaci koszyka z produktami.<br>Koszyk zawiera mi\u0119dzy innymi \u015bwie\u017ce pieczywo, sery, w\u0119dlin\u0119,<br>d\u017cem, mas\u0142o i inne produkty na dobry pocz\u0105tek dnia \u2026\u2026\u2026\u2026\u2026\u2026\u2026\u2026\u2026\u2026 cena &#8230; z\u0142<\/p>\n<\/div><\/div>\n\n\n\n<p style=\"margin-right:0;margin-left:0\"><\/p>\n\n\n\n<p><\/p>\n","protected":false},"excerpt":{"rendered":"<p>\u015aniadanie &#8211; serwowane jest od godziny 8:30, lub o innej wcze\u015bniej um\u00f3wionej porzew postaci koszyka z produktami.Koszyk zawiera mi\u0119dzy innymi \u015bwie\u017ce pieczywo, sery, w\u0119dlin\u0119,d\u017cem, mas\u0142o i inne produkty na dobry pocz\u0105tek dnia \u2026\u2026\u2026\u2026\u2026\u2026\u2026\u2026\u2026\u2026 cena &#8230; z\u0142<\/p>\n","protected":false},"author":1,"featured_media":0,"parent":0,"menu_order":0,"comment_status":"closed","ping_status":"closed","template":"","meta":{"footnotes":""},"class_list":["post-86","page","type-page","status-publish","hentry"],"_links":{"self":[{"href":"https:\/\/wapienna7a.pl\/index.php\/wp-json\/wp\/v2\/pages\/86","targetHints":{"allow":["GET"]}}],"collection":[{"href":"https:\/\/wapienna7a.pl\/index.php\/wp-json\/wp\/v2\/pages"}],"about":[{"href":"https:\/\/wapienna7a.pl\/index.php\/wp-json\/wp\/v2\/types\/page"}],"author":[{"embeddable":true,"href":"https:\/\/wapienna7a.pl\/index.php\/wp-json\/wp\/v2\/users\/1"}],"replies":[{"embeddable":true,"href":"https:\/\/wapienna7a.pl\/index.php\/wp-json\/wp\/v2\/comments?post=86"}],"version-history":[{"count":3,"href":"https:\/\/wapienna7a.pl\/index.php\/wp-json\/wp\/v2\/pages\/86\/revisions"}],"predecessor-version":[{"id":97,"href":"https:\/\/wapienna7a.pl\/index.php\/wp-json\/wp\/v2\/pages\/86\/revisions\/97"}],"wp:attachment":[{"href":"https:\/\/wapienna7a.pl\/index.php\/wp-json\/wp\/v2\/media?parent=86"}],"curies":[{"name":"wp","href":"https:\/\/api.w.org\/{rel}","templated":true}]}}