{"id":65,"date":"2025-08-13T20:34:44","date_gmt":"2025-08-13T18:34:44","guid":{"rendered":"https:\/\/wapienna7a.pl\/?page_id=65"},"modified":"2025-09-08T14:50:35","modified_gmt":"2025-09-08T12:50:35","slug":"nasza-oferta","status":"publish","type":"page","link":"https:\/\/wapienna7a.pl\/index.php\/nasza-oferta\/","title":{"rendered":"Nasza oferta"},"content":{"rendered":"\n<h2 class=\"wp-block-heading\">Witamy Pa\u0144stwa na naszej stronie<br><\/h2>\n\n\n\n<p>Oferujemy Pa\u0144stwu do wynaj\u0119cia apartamenty.<br>S\u0105 to nowo wybudowane i zaaran\u017cowane z dba\u0142o\u015bci\u0105 o szczeg\u00f3\u0142y mieszkania.<br>W naszych podr\u00f3\u017cach zetkn\u0119li\u015bmy si\u0119 z r\u00f3\u017cnym standardem us\u0142ug.<br>Maj\u0105c, wi\u0119c r\u00f3\u017cne do\u015bwiadczenia w tym zakresie i ucz\u0105c si\u0119 na cudzych b\u0142\u0119dach,<br>do\u0142o\u017cymy wszelkich stara\u0144 dla Pa\u0144stwa wygody.<br>Zapraszamy do zapoznania si\u0119 z ofert\u0105 wynajmu pokoi w Bielsku-Bia\u0142ej.<br>Z przyjemno\u015bci\u0105 b\u0119dziemy Pa\u0144stwa u siebie go\u015bci\u0107!<br>Jeste\u015bmy elastyczni i sk\u0142onni do negocjacji.<br>Dla sta\u0142ych klient\u00f3w przewidujemy upusty cenowe.<br>Bierzemy je pod uwag\u0119 r\u00f3wnie\u017c przy rezerwacji dla wi\u0119kszej ilo\u015bci os\u00f3b,<br>jak i przy rezerwacji na d\u0142u\u017cszy pobyt.<br>Wystawiamy faktury VAT.<br>Zapraszamy do obejrzenia zdj\u0119\u0107 oraz dokonania rezerwacji.<\/p>\n\n\n\n<h2 class=\"wp-block-heading\"><a href=\"https:\/\/wapienna7a.pl\/index.php\/uslugi-dodatkowe\/\">Us\u0142ugi dodatkowe<\/a><\/h2>\n\n\n\n<p><\/p>\n","protected":false},"excerpt":{"rendered":"<p>Witamy Pa\u0144stwa na naszej stronie Oferujemy Pa\u0144stwu do wynaj\u0119cia apartamenty.S\u0105 to nowo wybudowane i zaaran\u017cowane z dba\u0142o\u015bci\u0105 o szczeg\u00f3\u0142y mieszkania.W naszych podr\u00f3\u017cach zetkn\u0119li\u015bmy si\u0119 z r\u00f3\u017cnym standardem us\u0142ug.Maj\u0105c, wi\u0119c r\u00f3\u017cne do\u015bwiadczenia w tym zakresie i ucz\u0105c si\u0119 na cudzych b\u0142\u0119dach,do\u0142o\u017cymy wszelkich stara\u0144 dla Pa\u0144stwa wygody.Zapraszamy do zapoznania si\u0119 z ofert\u0105 [&hellip;]<\/p>\n","protected":false},"author":1,"featured_media":0,"parent":0,"menu_order":0,"comment_status":"closed","ping_status":"closed","template":"","meta":{"footnotes":""},"class_list":["post-65","page","type-page","status-publish","hentry"],"_links":{"self":[{"href":"https:\/\/wapienna7a.pl\/index.php\/wp-json\/wp\/v2\/pages\/65","targetHints":{"allow":["GET"]}}],"collection":[{"href":"https:\/\/wapienna7a.pl\/index.php\/wp-json\/wp\/v2\/pages"}],"about":[{"href":"https:\/\/wapienna7a.pl\/index.php\/wp-json\/wp\/v2\/types\/page"}],"author":[{"embeddable":true,"href":"https:\/\/wapienna7a.pl\/index.php\/wp-json\/wp\/v2\/users\/1"}],"replies":[{"embeddable":true,"href":"https:\/\/wapienna7a.pl\/index.php\/wp-json\/wp\/v2\/comments?post=65"}],"version-history":[{"count":4,"href":"https:\/\/wapienna7a.pl\/index.php\/wp-json\/wp\/v2\/pages\/65\/revisions"}],"predecessor-version":[{"id":244,"href":"https:\/\/wapienna7a.pl\/index.php\/wp-json\/wp\/v2\/pages\/65\/revisions\/244"}],"wp:attachment":[{"href":"https:\/\/wapienna7a.pl\/index.php\/wp-json\/wp\/v2\/media?parent=65"}],"curies":[{"name":"wp","href":"https:\/\/api.w.org\/{rel}","templated":true}]}}