{"id":17,"date":"2025-08-13T19:32:42","date_gmt":"2025-08-13T17:32:42","guid":{"rendered":"https:\/\/wapienna7a.pl\/?page_id=17"},"modified":"2025-08-13T20:46:14","modified_gmt":"2025-08-13T18:46:14","slug":"kontakt","status":"publish","type":"page","link":"https:\/\/wapienna7a.pl\/index.php\/kontakt\/","title":{"rendered":"Kontakt"},"content":{"rendered":"\n<div class=\"wp-block-columns alignfull is-layout-flex wp-container-core-columns-is-layout-28f84493 wp-block-columns-is-layout-flex\">\n<div class=\"wp-block-column is-layout-flow wp-block-column-is-layout-flow\">\n<iframe src=\"https:\/\/www.google.com\/maps\/embed?pb=!1m18!1m12!1m3!1d2574.087137708772!2d19.062060076847963!3d49.82202743241172!2m3!1f0!2f0!3f0!3m2!1i1024!2i768!4f13.1!3m3!1m2!1s0x47169f688eeaf269%3A0x9e666484ef6c146e!2sWapienna%207a%2C%2043-300%20Bielsko-Bia%C5%82a!5e0!3m2!1spl!2spl!4v1755110295853!5m2!1spl!2spl\" width=\"100%\" height=\"450\" style=\"border:0;\" allowfullscreen=\"\" loading=\"lazy\" referrerpolicy=\"no-referrer-when-downgrade\"><\/iframe>\n\n\n\n<p><\/p>\n<\/div>\n<\/div>\n\n\n\n<div class=\"wp-block-columns container is-layout-flex wp-container-core-columns-is-layout-28f84493 wp-block-columns-is-layout-flex\">\n<div class=\"wp-block-column is-vertically-aligned-center is-layout-flow wp-block-column-is-layout-flow\">\n<h2 class=\"wp-block-heading hestia-title\">Wy\u015blij nam wiadomo\u015b\u0107<\/h2>\n\n\n\n<div style=\"height:40px\" aria-hidden=\"true\" class=\"wp-block-spacer\"><\/div>\n\n\n\n<div class=\"contact-wrapper\">\n\t\t\t\t\t\t\t\t\t\t\t\t\t\t\t\t\t\t\t<div class=\"content\">\n\t\t\t\n\t\t\t  <form>\n\t\t\t   <div class=\"form-group\">\n\t\t\t    <input type=\"text\" id=\"fname\" name=\"firstname\" placeholder=\"Wpisz swoje imi\u0119\">\n\t\t\t<\/div>\n\t\t\t<div class=\"form-group\">\n\t\t\t    <input type=\"text\" id=\"lname\" name=\"lastname\" placeholder=\"Wpisz swoje nazwisko\">\n\t\t\t<\/div>\n\t\t\t<div class=\"form-group\">\n\t\t\t    <textarea id=\"subject\" name=\"subject\" placeholder=\"Napisz wiadomo\u015b\u0107\" style=\"height:200px\"><\/textarea>\n\t\t\t<\/div>\n\t\t\t    <input type=\"submit\" value=\"Wy\u015blij\">\n\t\t\t\n\t\t\t  <\/form>\n\t\t\t<\/div>\n\t\t\t<\/div>\n<\/div>\n\n\n\n<div class=\"wp-block-column is-vertically-aligned-center is-layout-flow wp-block-column-is-layout-flow\">\n<div class=\"wp-block-columns is-layout-flex wp-container-core-columns-is-layout-28f84493 wp-block-columns-is-layout-flex\">\n<div class=\"wp-block-column is-layout-flow wp-block-column-is-layout-flow\"><\/div>\n\n\n\n<div class=\"wp-block-column is-layout-flow wp-block-column-is-layout-flow\" style=\"flex-basis:50%\">\n<h4 class=\"wp-block-heading has-text-align-left hestia-title has-text-color\" style=\"color:#3c4858;font-size:18px\"><img decoding=\"async\" class=\"wp-image-86\" style=\"width: 25px;\" src=\"https:\/\/wapienna7a.pl\/wp-content\/themes\/hestia\/assets\/img\/contact1.png\" alt=\"Map icon\">  Zapraszamy do nas<\/h4>\n\n\n\n<p class=\"has-text-align-left has-text-color\" style=\"color:#999999;font-size:14px\">ul. Wapienna 7A<br>43-300 Bielsko-Bia\u0142a<br>Polska<\/p>\n\n\n\n<div style=\"height:40px\" aria-hidden=\"true\" class=\"wp-block-spacer\"><\/div>\n\n\n\n<h4 class=\"wp-block-heading has-text-align-left hestia-title has-text-color\" style=\"color:#3c4858;font-size:18px\"><img decoding=\"async\" class=\"wp-image-98\" style=\"width: 25px;\" src=\"https:\/\/wapienna7a.pl\/wp-content\/themes\/hestia\/assets\/img\/contact2.png\" alt=\"\">  Zadzwo\u0144 do nas<\/h4>\n\n\n\n<p class=\"has-text-align-left has-text-color\" style=\"color:#999999;font-size:14px\">535 488 141<br>602 268 683<br>Pn &#8211; Pt, 8:00-22:00<\/p>\n\n\n\n<div style=\"height:40px\" aria-hidden=\"true\" class=\"wp-block-spacer\"><\/div>\n\n\n\n<h4 class=\"wp-block-heading has-text-align-left hestia-title has-text-color\" style=\"color:#3c4858;font-size:18px\"><img decoding=\"async\" class=\"wp-image-105\" style=\"width: 25px;\" src=\"https:\/\/wapienna7a.pl\/wp-content\/themes\/hestia\/assets\/img\/contact3.png\" alt=\"\"><strong>  <\/strong>Napisz do nas<\/h4>\n\n\n\n<p class=\"has-text-align-left has-text-color\" style=\"color:#999999;font-size:14px\">bielsko@creditservice.pl<\/p>\n<\/div>\n\n\n\n<div class=\"wp-block-column is-layout-flow wp-block-column-is-layout-flow\"><\/div>\n<\/div>\n<\/div>\n<\/div>\n\n\n\n<p><\/p>\n","protected":false},"excerpt":{"rendered":"<p>Wy\u015blij nam wiadomo\u015b\u0107 Zapraszamy do nas ul. Wapienna 7A43-300 Bielsko-Bia\u0142aPolska Zadzwo\u0144 do nas 535 488 141602 268 683Pn &#8211; Pt, 8:00-22:00 Napisz do nas bielsko@creditservice.pl<\/p>\n","protected":false},"author":1,"featured_media":9,"parent":0,"menu_order":0,"comment_status":"closed","ping_status":"closed","template":"page-templates\/template-pagebuilder-full-width.php","meta":{"footnotes":""},"class_list":["post-17","page","type-page","status-publish","has-post-thumbnail","hentry"],"_links":{"self":[{"href":"https:\/\/wapienna7a.pl\/index.php\/wp-json\/wp\/v2\/pages\/17","targetHints":{"allow":["GET"]}}],"collection":[{"href":"https:\/\/wapienna7a.pl\/index.php\/wp-json\/wp\/v2\/pages"}],"about":[{"href":"https:\/\/wapienna7a.pl\/index.php\/wp-json\/wp\/v2\/types\/page"}],"author":[{"embeddable":true,"href":"https:\/\/wapienna7a.pl\/index.php\/wp-json\/wp\/v2\/users\/1"}],"replies":[{"embeddable":true,"href":"https:\/\/wapienna7a.pl\/index.php\/wp-json\/wp\/v2\/comments?post=17"}],"version-history":[{"count":7,"href":"https:\/\/wapienna7a.pl\/index.php\/wp-json\/wp\/v2\/pages\/17\/revisions"}],"predecessor-version":[{"id":80,"href":"https:\/\/wapienna7a.pl\/index.php\/wp-json\/wp\/v2\/pages\/17\/revisions\/80"}],"wp:featuredmedia":[{"embeddable":true,"href":"https:\/\/wapienna7a.pl\/index.php\/wp-json\/wp\/v2\/media\/9"}],"wp:attachment":[{"href":"https:\/\/wapienna7a.pl\/index.php\/wp-json\/wp\/v2\/media?parent=17"}],"curies":[{"name":"wp","href":"https:\/\/api.w.org\/{rel}","templated":true}]}}