{"id":16,"date":"2025-08-13T19:32:42","date_gmt":"2025-08-13T17:32:42","guid":{"rendered":"https:\/\/wapienna7a.pl\/?page_id=16"},"modified":"2025-09-07T20:50:27","modified_gmt":"2025-09-07T18:50:27","slug":"strona-glowna","status":"publish","type":"page","link":"https:\/\/wapienna7a.pl\/","title":{"rendered":"Strona g\u0142\u00f3wna"},"content":{"rendered":"\n<div class=\"wp-block-cover alignfull is-light hestia-clear-top-padding\"><span aria-hidden=\"true\" class=\"wp-block-cover__background has-white-background-color has-background-dim-100 has-background-dim\"><\/span><div class=\"wp-block-cover__inner-container is-layout-flow wp-block-cover-is-layout-flow\">\n<h2 class=\"wp-block-heading has-text-align-center has-text-color\" style=\"color:#3c4858\">Nasza oferta<\/h2>\n\n\n\n<div style=\"height:40px\" aria-hidden=\"true\" class=\"wp-block-spacer\"><\/div>\n\n\n\n<div class=\"wp-block-columns container is-layout-flex wp-container-core-columns-is-layout-28f84493 wp-block-columns-is-layout-flex\">\n<div class=\"wp-block-column is-layout-flow wp-block-column-is-layout-flow\"><div class=\"wp-block-image is-style-default\">\n<figure class=\"aligncenter size-full is-resized\"><img loading=\"lazy\" decoding=\"async\" width=\"225\" height=\"222\" src=\"https:\/\/wapienna7a.pl\/wp-content\/uploads\/2025\/09\/apartamenty_.png\" alt=\"\" class=\"wp-image-162\" style=\"aspect-ratio:1;object-fit:cover;width:100px\"\/><\/figure>\n<\/div>\n\n\n<h5 class=\"wp-block-heading has-text-align-center has-text-color\" style=\"color:#3c4858;font-size:18px\"><a href=\"https:\/\/wapienna7a.pl\/index.php\/apartamenty\/\" data-type=\"page\" data-id=\"67\">Apartamenty<\/a><\/h5>\n\n\n\n<p class=\"has-text-align-center has-text-color\" style=\"color:#999999;font-size:14px\">Oddajemy do Pa\u0144stwa dyspozycji 5 w pe\u0142ni wyposa\u017conych apartament\u00f3w.<br>Starali\u015bmy si\u0119 stworzy\u0107 w nich przytuln\u0105 i domow\u0105 atmosfer\u0119,<br>by podr\u00f3\u017cny znalaz\u0142 tam chwil\u0119 wytchnienia.<\/p>\n\n\n\n<div style=\"height:25px\" aria-hidden=\"true\" class=\"wp-block-spacer\"><\/div>\n<\/div>\n\n\n\n<div class=\"wp-block-column is-layout-flow wp-block-column-is-layout-flow\"><div class=\"wp-block-image\">\n<figure class=\"aligncenter size-full is-resized\"><img loading=\"lazy\" decoding=\"async\" width=\"196\" height=\"194\" src=\"https:\/\/wapienna7a.pl\/wp-content\/uploads\/2025\/09\/uslugi_dodatkowe_.png\" alt=\"\" class=\"wp-image-160\" style=\"aspect-ratio:1;object-fit:cover;width:100px\"\/><\/figure>\n<\/div>\n\n\n<h5 class=\"wp-block-heading has-text-align-center has-text-color\" style=\"color:#3c4858;font-size:18px\"><a href=\"https:\/\/wapienna7a.pl\/index.php\/uslugi-dodatkowe\/\" data-type=\"page\" data-id=\"86\">Us\u0142ugi Dodatkowe<\/a><\/h5>\n\n\n\n<p class=\"has-text-align-center has-text-color\" style=\"color:#999999;font-size:14px\">W naszych podr\u00f3\u017cach zetkn\u0119li\u015bmy si\u0119 z r\u00f3\u017cnym standardem us\u0142ug.<br>Maj\u0105c, wi\u0119c r\u00f3\u017cne do\u015bwiadczenia w tym zakresie i ucz\u0105c si\u0119 na cudzych b\u0142\u0119dach,<br>do\u0142o\u017cymy wszelkich stara\u0144 dla Pa\u0144stwa wygody.<\/p>\n\n\n\n<div style=\"height:25px\" aria-hidden=\"true\" class=\"wp-block-spacer\"><\/div>\n<\/div>\n\n\n\n<div class=\"wp-block-column is-layout-flow wp-block-column-is-layout-flow\"><div class=\"wp-block-image\">\n<figure class=\"aligncenter size-full is-resized\"><img loading=\"lazy\" decoding=\"async\" width=\"205\" height=\"230\" src=\"https:\/\/wapienna7a.pl\/wp-content\/uploads\/2025\/09\/rezerwacja_.png\" alt=\"\" class=\"wp-image-158\" style=\"width:100px\"\/><\/figure>\n<\/div>\n\n\n<h5 class=\"wp-block-heading has-text-align-center has-text-color\" style=\"color:#3c4858;font-size:18px\"><a href=\"https:\/\/wapienna7a.pl\/index.php\/kontakt\/\" data-type=\"link\" data-id=\"https:\/\/wapienna7a.pl\/index.php\/kontakt\/\">Rezerwacja<\/a><\/h5>\n\n\n\n<p class=\"has-text-align-center has-text-color\" style=\"color:#999999;font-size:14px\">Dla sta\u0142ych klient\u00f3w przewidujemy upusty cenowe.<br>Bierzemy je pod uwag\u0119 r\u00f3wnie\u017c przy rezerwacji dla wi\u0119kszej ilo\u015bci os\u00f3b,<br>jak i przy rezerwacji na d\u0142u\u017cszy pobyt.<\/p>\n\n\n\n<div style=\"height:25px\" aria-hidden=\"true\" class=\"wp-block-spacer\"><\/div>\n<\/div>\n<\/div>\n\n\n\n<div style=\"height:40px\" aria-hidden=\"true\" class=\"wp-block-spacer\"><\/div>\n<\/div><\/div>\n\n\n\n<div class=\"wp-block-columns container is-layout-flex wp-container-core-columns-is-layout-28f84493 wp-block-columns-is-layout-flex\">\n<div class=\"wp-block-column col-md-5 is-layout-flow wp-block-column-is-layout-flow\">\n<div style=\"height:55px\" aria-hidden=\"true\" class=\"wp-block-spacer\"><\/div>\n\n\n\n<h2 class=\"wp-block-heading\">O nas<\/h2>\n\n\n\n<p>Zapraszamy do zapoznania si\u0119 z ofert\u0105 wynajmu pokoi w Bielsku-Bia\u0142ej.<br>Z przyjemno\u015bci\u0105 b\u0119dziemy Pa\u0144stwa u siebie go\u015bci\u0107!<br>Jeste\u015bmy elastyczni i sk\u0142onni do negocjacji.<br>Dla sta\u0142ych klient\u00f3w przewidujemy upusty cenowe.<br>Bierzemy je pod uwag\u0119 r\u00f3wnie\u017c przy rezerwacji dla wi\u0119kszej ilo\u015bci os\u00f3b,<br>jak i przy rezerwacji na d\u0142u\u017cszy pobyt.<br>Wystawiamy faktury VAT.<br>Zapraszamy do obejrzenia zdj\u0119\u0107 oraz dokonania rezerwacji.<\/p>\n<\/div>\n\n\n\n<div class=\"wp-block-column col-md-6 col-md-offset1 is-layout-flow wp-block-column-is-layout-flow\">\n<div style=\"height:55px\" aria-hidden=\"true\" class=\"wp-block-spacer\"><\/div>\n\n\n\n<figure class=\"wp-block-image size-full\"><img loading=\"lazy\" decoding=\"async\" width=\"1000\" height=\"666\" src=\"https:\/\/wapienna7a.pl\/wp-content\/uploads\/2025\/09\/66.jpg\" alt=\"Apartament R\u00f3\u017ca\" class=\"wp-image-169\" srcset=\"https:\/\/wapienna7a.pl\/wp-content\/uploads\/2025\/09\/66.jpg 1000w, https:\/\/wapienna7a.pl\/wp-content\/uploads\/2025\/09\/66-300x200.jpg 300w, https:\/\/wapienna7a.pl\/wp-content\/uploads\/2025\/09\/66-768x511.jpg 768w, https:\/\/wapienna7a.pl\/wp-content\/uploads\/2025\/09\/66-360x240.jpg 360w\" sizes=\"auto, (max-width: 1000px) 100vw, 1000px\" \/><\/figure>\n\n\n\n<p><\/p>\n<\/div>\n<\/div>\n","protected":false},"excerpt":{"rendered":"<p>O nas Zapraszamy do zapoznania si\u0119 z ofert\u0105 wynajmu pokoi w Bielsku-Bia\u0142ej.Z przyjemno\u015bci\u0105 b\u0119dziemy Pa\u0144stwa u siebie go\u015bci\u0107!Jeste\u015bmy elastyczni i sk\u0142onni do negocjacji.Dla sta\u0142ych klient\u00f3w przewidujemy upusty cenowe.Bierzemy je pod uwag\u0119 r\u00f3wnie\u017c przy rezerwacji dla wi\u0119kszej ilo\u015bci os\u00f3b,jak i przy rezerwacji na d\u0142u\u017cszy pobyt.Wystawiamy faktury VAT.Zapraszamy do obejrzenia zdj\u0119\u0107 oraz [&hellip;]<\/p>\n","protected":false},"author":1,"featured_media":44,"parent":0,"menu_order":0,"comment_status":"closed","ping_status":"closed","template":"","meta":{"footnotes":""},"class_list":["post-16","page","type-page","status-publish","has-post-thumbnail","hentry"],"_links":{"self":[{"href":"https:\/\/wapienna7a.pl\/index.php\/wp-json\/wp\/v2\/pages\/16","targetHints":{"allow":["GET"]}}],"collection":[{"href":"https:\/\/wapienna7a.pl\/index.php\/wp-json\/wp\/v2\/pages"}],"about":[{"href":"https:\/\/wapienna7a.pl\/index.php\/wp-json\/wp\/v2\/types\/page"}],"author":[{"embeddable":true,"href":"https:\/\/wapienna7a.pl\/index.php\/wp-json\/wp\/v2\/users\/1"}],"replies":[{"embeddable":true,"href":"https:\/\/wapienna7a.pl\/index.php\/wp-json\/wp\/v2\/comments?post=16"}],"version-history":[{"count":15,"href":"https:\/\/wapienna7a.pl\/index.php\/wp-json\/wp\/v2\/pages\/16\/revisions"}],"predecessor-version":[{"id":242,"href":"https:\/\/wapienna7a.pl\/index.php\/wp-json\/wp\/v2\/pages\/16\/revisions\/242"}],"wp:featuredmedia":[{"embeddable":true,"href":"https:\/\/wapienna7a.pl\/index.php\/wp-json\/wp\/v2\/media\/44"}],"wp:attachment":[{"href":"https:\/\/wapienna7a.pl\/index.php\/wp-json\/wp\/v2\/media?parent=16"}],"curies":[{"name":"wp","href":"https:\/\/api.w.org\/{rel}","templated":true}]}}