{"id":107,"date":"2025-08-13T22:53:59","date_gmt":"2025-08-13T20:53:59","guid":{"rendered":"https:\/\/wapienna7a.pl\/?page_id=107"},"modified":"2025-08-13T22:54:56","modified_gmt":"2025-08-13T20:54:56","slug":"regulamin","status":"publish","type":"page","link":"https:\/\/wapienna7a.pl\/index.php\/regulamin\/","title":{"rendered":"Regulamin"},"content":{"rendered":"\n<ol class=\"wp-block-list\">\n<li>Informacje wst\u0119pne<br>Firma Credit Service \u015bwiadczy us\u0142ugi w zakresie wynajmu na kr\u00f3tkotrwa\u0142e pobyty turystyczne Apartament\u00f3w znajduj\u0105cych si\u0119 przy ulicy Wapiennej 7a w Bielsku-Bia\u0142ej.<br>Klient (Najemca, Go\u015b\u0107), o\u015bwiadcza, \u017ce zapozna\u0142 si\u0119 z poni\u017cszym regulaminem i zobowi\u0105zuje si\u0119 do jego przestrzegania, oraz do dokonania dodatkowych op\u0142at wynikaj\u0105cych z poni\u017cszych ustale\u0144.<br>Dokonanie rezerwacji jest jednoznaczne z akceptacj\u0105 tego Regulaminu.<\/li>\n\n\n\n<li>Rezerwacja<br>Rezerwacji mo\u017cna dokona\u0107 poprzez wype\u0142nienie formularza znajduj\u0105cego si\u0119 na stronie WWW w dziale \u201erezerwacja\u201d lub skontaktowa\u0107 si\u0119 z nami telefonicznie. Dane, kt\u00f3re nale\u017cy poda\u0107: termin pobytu, data przyjazdu i wyjazdu, wskazany apartament, dane kontaktowe oraz ilo\u015b\u0107 os\u00f3b w apartamencie. Po potwierdzeniu rezerwacji nale\u017cy dokona\u0107 przedp\u0142aty zaliczki w wysoko\u015bci 30% od warto\u015bci ca\u0142ego pobytu na wskazany numer konta.<\/li>\n\n\n\n<li>Przyjazd, przekazanie kluczy, wyjazd<br>Przyjazd Go\u015bci powinien nast\u0105pi\u0107 w godzinach ustalonych z osob\u0105 odpowiedzialn\u0105 za przekazanie kluczy.<br>Klient zobowi\u0105zany jest do poinformowania, najp\u00f3\u017aniej dzie\u0144 przed przyjazdem, o planowanej godzinie odbioru kluczy. Standardowo mo\u017cna wprowadzi\u0107 si\u0119 od godz. 14.00 w dniu przyjazdu i nale\u017cy wyprowadzi\u0107 si\u0119 do godz. 12.00 w dniu wyjazdu, chyba \u017ce inaczej uzgodniono z osob\u0105 odpowiedzialn\u0105 za przekazanie kluczy.<br>W przypadku braku mo\u017cliwo\u015bci dotarcia na um\u00f3wion\u0105 wcze\u015bniej godzin\u0119 klient zobowi\u0105zany jest do powiadomienia telefonicznie osoby odpowiedzialnej za przekazanie kluczy. Wszelkie op\u00f3\u017anienia przyjazdu skracaj\u0105ce pobyt, a wynikaj\u0105ce z winy Klienta nie obci\u0105\u017caj\u0105 wynajmuj\u0105cych.<\/li>\n\n\n\n<li>Zaliczka i p\u0142atno\u015bci<br>Wp\u0142acona zaliczka nie podlega zwrotowi chyba \u017ce klient zdecyduje si\u0119 na anulowanie rezerwacji na 20 dni przed dniem przyjazdu, w tym przypadku zwracane jest 50% wp\u0142aconej kwoty. Po otrzymaniu zaliczki zostanie przes\u0142any klientowi e-mail z potwierdzeniem jej otrzymania. W dniu przyjazdu klient jest zobowi\u0105zany zap\u0142aci\u0107 pozosta\u0142\u0105 kwot\u0119 za pobyt osobie odpowiedzialnej za przekazanie kluczy. Wcze\u015bniejszy wyjazd go\u015bcia, z przyczyn niezale\u017cnych od w\u0142a\u015bciciela apartamentu, nie uprawnia go do \u017c\u0105dania zwrotu kwoty za niewykorzystane \u015bwiadczenie.<\/li>\n\n\n\n<li>Zasady korzystania<br>Klient zobowi\u0105zany jest do zachowania si\u0119 wed\u0142ug zasad dobrego s\u0105siedztwa i utrzymywania obiektu w stanie zastanym. Do obowi\u0105zk\u00f3w klienta nale\u017cy r\u00f3wnie\u017c pozostawienie umytych naczy\u0144 i sprz\u0119t\u00f3w kuchennych przed wyjazdem, poniewa\u017c ten zakres czynno\u015bci nie jest wliczony w sprz\u0105tanie ko\u0144cowe.<br>Klient zobowi\u0105zany jest do natychmiastowego poinformowania osoby odpowiedzialnej za przekazanie kluczy o ewentualnych uszkodzeniach i brakach zastanych w obiekcie oraz do zg\u0142oszenia szk\u00f3d wyrz\u0105dzonych przez siebie podczas pobytu. R\u00f3wnowarto\u015b\u0107 tych szk\u00f3d i ich usuni\u0119cia pokrywa klient. W\u0142a\u015bciciel uszkodzonego mienia decyduje o sposobie zado\u015b\u0107uczynienia.<br>Klient wyra\u017ca zgod\u0119 na wystawienie faktury bez jego podpisu, na przedmioty, kt\u00f3re sobie przyw\u0142aszczy\u0142 b\u0105d\u017a zniszczy\u0142 i zobowi\u0105zuje si\u0119 do jej zap\u0142aty w terminie 7 dni od jej wystawienia. Strony ustalaj\u0105, \u017ce w przypadku powsta\u0142ych z tego tytu\u0142u spor\u00f3w, s\u0105dem w\u0142a\u015bciwym do ich rozstrzygania b\u0119dzie S\u0105d Rejonowy w Bielsku-Bia\u0142ej.<br>Klient zobowi\u0105zany jest do przestrzegania przepis\u00f3w przeciwpo\u017carowych.<br>W budynku obowi\u0105zuje ca\u0142kowity zakaz palenia tytoniu.<br>Ze wzgl\u0119du na bezpiecze\u0144stwo, zabronione jest u\u017cywanie w apartamentach urz\u0105dze\u0144 elektrycznych nie stanowi\u0105cych wyposa\u017cenia apartamentu.<\/li>\n<\/ol>\n\n\n\n<p>Przyjmowanie go\u015bci jest dozwolone wy\u0142\u0105cznie poza godzinami ciszy nocnej. Klient ponosi ca\u0142kowit\u0105 odpowiedzialno\u015b\u0107 za swojego go\u015bcia, zw\u0142aszcza za szkody wyrz\u0105dzone na mieniu w\u0142a\u015bcicieli budynku i innych go\u015bci.<br>W apartamentach obowi\u0105zuje bezwzgl\u0119dne zachowanie ciszy od godziny 22.00 do godziny 7.00<br>Wynajmuj\u0105cy maj\u0105 prawo odm\u00f3wi\u0107 przyj\u0119cia Najemcy, kt\u00f3ry podczas poprzedniego pobytu naruszy\u0142 regulamin, wyrz\u0105dzi\u0142 szkody na mieniu Wynajmuj\u0105cych lub zak\u0142\u00f3ci\u0142 zasady dobros\u0105siedzkiego wsp\u00f3\u0142\u017cycia.<\/p>\n\n\n\n<ol start=\"6\" class=\"wp-block-list\">\n<li>Liczba os\u00f3b przebywaj\u0105cych w apartamencie<br>Liczba os\u00f3b przebywaj\u0105cych w apartamencie musi zosta\u0107 okre\u015blona przez osob\u0119 rezerwuj\u0105c\u0105 w dniu dokonywania rezerwacji. W przypadku zmiany liczby os\u00f3b, klient zobowi\u0105zany jest do poinformowania firmy telefonicznie lub mailowo o zaistnia\u0142ej sytuacji. Nale\u017cy pami\u0119ta\u0107, \u017ce cena wynajmu zale\u017cna jest od ilo\u015bci os\u00f3b przebywaj\u0105cych w apartamencie. W przypadku gdy w mieszkaniu przebywa wi\u0119cej os\u00f3b ni\u017c zosta\u0142o to okre\u015blone przez osob\u0119 rezerwuj\u0105c\u0105, w\u0142a\u015bciciele zastrzegaj\u0105 sobie prawo do anulowania rezerwacji bez zwrotu koszt\u00f3w lub na\u0142o\u017cenia kary na osob\u0119 wynajmuj\u0105c\u0105 apartament.<\/li>\n\n\n\n<li>Op\u0142aty dodatkowe:<br>Za z\u0142amanie zakazu palenia ka\u017cdorazowo: 150 z\u0142<br>Dodatkowe sprz\u0105tanie: 150 z\u0142<\/li>\n\n\n\n<li>Dane us\u0142ugodawcy:<br>Credit Service S.C. R.Zahraj, D.Klimczak<br>ul.Wapienna 7A, 43-300 Bielsko-Bia\u0142a<br>NIP 548-245-79-00<br>REGON 240219110<\/li>\n<\/ol>\n\n\n\n<p>Dzi\u0119kujemy za zapoznanie si\u0119 z regulaminem!<br>\u017byczymy mi\u0142ego pobytu.<\/p>\n\n\n\n<p>Informacje dodatkowe:<\/p>\n\n\n\n<ul class=\"wp-block-list\">\n<li>Klucze czekaj\u0105 na Pa\u0144stwa w biurze Credit Service na parterze budynku.<br>Prosimy o kontakt pod tym numerem (+48 535 488 141), je\u015bli Pa\u0144stwa przyjazd b\u0119dzie mia\u0142 miejsce w weekend lub po godzinie 16.00.<\/li>\n<\/ul>\n","protected":false},"excerpt":{"rendered":"<p>Przyjmowanie go\u015bci jest dozwolone wy\u0142\u0105cznie poza godzinami ciszy nocnej. Klient ponosi ca\u0142kowit\u0105 odpowiedzialno\u015b\u0107 za swojego go\u015bcia, zw\u0142aszcza za szkody wyrz\u0105dzone na mieniu w\u0142a\u015bcicieli budynku i innych go\u015bci.W apartamentach obowi\u0105zuje bezwzgl\u0119dne zachowanie ciszy od godziny 22.00 do godziny 7.00Wynajmuj\u0105cy maj\u0105 prawo odm\u00f3wi\u0107 przyj\u0119cia Najemcy, kt\u00f3ry podczas poprzedniego pobytu naruszy\u0142 regulamin, wyrz\u0105dzi\u0142 [&hellip;]<\/p>\n","protected":false},"author":1,"featured_media":0,"parent":0,"menu_order":0,"comment_status":"closed","ping_status":"closed","template":"","meta":{"footnotes":""},"class_list":["post-107","page","type-page","status-publish","hentry"],"_links":{"self":[{"href":"https:\/\/wapienna7a.pl\/index.php\/wp-json\/wp\/v2\/pages\/107","targetHints":{"allow":["GET"]}}],"collection":[{"href":"https:\/\/wapienna7a.pl\/index.php\/wp-json\/wp\/v2\/pages"}],"about":[{"href":"https:\/\/wapienna7a.pl\/index.php\/wp-json\/wp\/v2\/types\/page"}],"author":[{"embeddable":true,"href":"https:\/\/wapienna7a.pl\/index.php\/wp-json\/wp\/v2\/users\/1"}],"replies":[{"embeddable":true,"href":"https:\/\/wapienna7a.pl\/index.php\/wp-json\/wp\/v2\/comments?post=107"}],"version-history":[{"count":2,"href":"https:\/\/wapienna7a.pl\/index.php\/wp-json\/wp\/v2\/pages\/107\/revisions"}],"predecessor-version":[{"id":110,"href":"https:\/\/wapienna7a.pl\/index.php\/wp-json\/wp\/v2\/pages\/107\/revisions\/110"}],"wp:attachment":[{"href":"https:\/\/wapienna7a.pl\/index.php\/wp-json\/wp\/v2\/media?parent=107"}],"curies":[{"name":"wp","href":"https:\/\/api.w.org\/{rel}","templated":true}]}}